{"id":20,"date":"2020-02-29T12:00:41","date_gmt":"2020-02-29T11:00:41","guid":{"rendered":"http:\/\/le-myconos.be\/?page_id=20"},"modified":"2026-01-05T18:04:29","modified_gmt":"2026-01-05T17:04:29","slug":"accueil","status":"publish","type":"page","link":"http:\/\/le-myconos.be\/","title":{"rendered":"Accueil"},"content":{"rendered":"\n<p>Bienvenue sur le site du restaurant Le Myconos,<br> Install\u00e9 dans le centre pi\u00e9tonnier du vieux Namur, l\u2019\u00e9quipe vous accueille dans un cadre familial et authentique pour vous proposer une cuisine grecque simple et fraiche.<\/p>\n\n\n\n<blockquote class=\"wp-block-quote\"><p><\/p><\/blockquote>\n\n\n\n<div class=\"wp-block-columns\">\n<div class=\"wp-block-column\">\n<h4>Coordonn\u00e9es<\/h4>\n\n\n\n<p>Restaurant Le Myconos<br> 8, rue de la Halle<br> 5000 Namur<br> <strong>T\u00e9l : 081 23 19 18<\/strong> pour les r\u00e9servations<br>UNIQUEMENT durant les heures d&rsquo;ouverture de l&rsquo;\u00e9tablissement.  <\/p>\n<\/div>\n\n\n\n<div class=\"wp-block-column\">\n<h4>Horaires<\/h4>\n\n\n\n<p><strong>Les lundi, mardi, dimanche<\/strong><br> 12h00 \u00e0 14h30<br> 18h00 \u00e0 22h00<br><strong>Le<\/strong> <strong>jeudi soir<\/strong><br> 18h00 \u00e0 22h00<br><strong>Le vendredi et le samedi,<\/strong><br> 12h00 \u00e0 14h30<br> 18h00 \u00e0 22h30<\/p>\n<\/div>\n<\/div>\n\n\n\n<div class=\"foogallery foogallery-container foogallery-default foogallery-lightbox-foobox fg-gutter-10 fg-center fg-default fg-light fg-border-thin fg-round-small fg-shadow-small fg-loading-default fg-loaded-fade-in fg-custom fg-hover-scale fg-hover-fade fg-hover-zoom\" id=\"foogallery-gallery-98\" data-foogallery=\"{&quot;item&quot;:{&quot;showCaptionTitle&quot;:true,&quot;showCaptionDescription&quot;:true},&quot;lazy&quot;:true,&quot;src&quot;:&quot;data-src-fg&quot;,&quot;srcset&quot;:&quot;data-srcset-fg&quot;}\" data-fg-common-fields=\"1\" >\r\n\t<div class=\"fg-item\"><figure class=\"fg-item-inner\"><a href=\"http:\/\/le-myconos.be\/wp-content\/uploads\/2020\/02\/10.jpg\" data-attachment-id=\"69\" class=\"fg-thumb\"><span class=\"fg-image-wrap\"><img width=\"150\" height=\"150\" data-src-fg=\"http:\/\/le-myconos.be\/wp-content\/uploads\/cache\/2020\/02\/10\/-1723375931.jpg\" class=\"fg-image\" \/><\/span><\/a><figcaption class=\"fg-caption\"><div class=\"fg-caption-inner\"><\/div><\/figcaption><\/figure><div class=\"fg-loader\"><\/div><\/div><div class=\"fg-item\"><figure class=\"fg-item-inner\"><a href=\"http:\/\/le-myconos.be\/wp-content\/uploads\/2020\/02\/11.jpg\" data-attachment-id=\"70\" class=\"fg-thumb\"><span class=\"fg-image-wrap\"><img width=\"150\" height=\"150\" data-src-fg=\"http:\/\/le-myconos.be\/wp-content\/uploads\/cache\/2020\/02\/11\/-278062097.jpg\" class=\"fg-image\" \/><\/span><\/a><figcaption class=\"fg-caption\"><div class=\"fg-caption-inner\"><\/div><\/figcaption><\/figure><div class=\"fg-loader\"><\/div><\/div><div class=\"fg-item\"><figure class=\"fg-item-inner\"><a href=\"http:\/\/le-myconos.be\/wp-content\/uploads\/2020\/02\/DSC00759.jpg\" data-attachment-id=\"80\" class=\"fg-thumb\"><span class=\"fg-image-wrap\"><img width=\"150\" height=\"150\" data-src-fg=\"http:\/\/le-myconos.be\/wp-content\/uploads\/cache\/2020\/02\/DSC00759\/-1500565252.jpg\" class=\"fg-image\" \/><\/span><\/a><figcaption class=\"fg-caption\"><div class=\"fg-caption-inner\"><\/div><\/figcaption><\/figure><div class=\"fg-loader\"><\/div><\/div><div class=\"fg-item\"><figure class=\"fg-item-inner\"><a href=\"http:\/\/le-myconos.be\/wp-content\/uploads\/2020\/02\/salle1.jpg\" data-attachment-id=\"195\" class=\"fg-thumb\"><span class=\"fg-image-wrap\"><img width=\"150\" height=\"150\" data-src-fg=\"http:\/\/le-myconos.be\/wp-content\/uploads\/cache\/2020\/02\/salle1\/-892064124.jpg\" class=\"fg-image\" \/><\/span><\/a><figcaption class=\"fg-caption\"><div class=\"fg-caption-inner\"><\/div><\/figcaption><\/figure><div class=\"fg-loader\"><\/div><\/div><div class=\"fg-item\"><figure class=\"fg-item-inner\"><a href=\"http:\/\/le-myconos.be\/wp-content\/uploads\/2020\/02\/entreeresto.jpg\" data-attachment-id=\"194\" class=\"fg-thumb\"><span class=\"fg-image-wrap\"><img width=\"150\" height=\"150\" data-src-fg=\"http:\/\/le-myconos.be\/wp-content\/uploads\/cache\/2020\/02\/entreeresto\/-103186259.jpg\" class=\"fg-image\" \/><\/span><\/a><figcaption class=\"fg-caption\"><div class=\"fg-caption-inner\"><\/div><\/figcaption><\/figure><div class=\"fg-loader\"><\/div><\/div><div class=\"fg-item\"><figure class=\"fg-item-inner\"><a href=\"http:\/\/le-myconos.be\/wp-content\/uploads\/2020\/02\/8.jpg\" data-attachment-id=\"75\" class=\"fg-thumb\"><span class=\"fg-image-wrap\"><img width=\"150\" height=\"150\" data-src-fg=\"http:\/\/le-myconos.be\/wp-content\/uploads\/cache\/2020\/02\/8\/-550776997.jpg\" class=\"fg-image\" \/><\/span><\/a><figcaption class=\"fg-caption\"><div class=\"fg-caption-inner\"><\/div><\/figcaption><\/figure><div class=\"fg-loader\"><\/div><\/div><div class=\"fg-item\"><figure class=\"fg-item-inner\"><a href=\"http:\/\/le-myconos.be\/wp-content\/uploads\/2020\/02\/salle2.jpg\" data-attachment-id=\"196\" class=\"fg-thumb\"><span class=\"fg-image-wrap\"><img width=\"150\" height=\"150\" data-src-fg=\"http:\/\/le-myconos.be\/wp-content\/uploads\/cache\/2020\/02\/salle2\/-1502501349.jpg\" class=\"fg-image\" \/><\/span><\/a><figcaption class=\"fg-caption\"><div class=\"fg-caption-inner\"><\/div><\/figcaption><\/figure><div class=\"fg-loader\"><\/div><\/div><div class=\"fg-item\"><figure class=\"fg-item-inner\"><a href=\"http:\/\/le-myconos.be\/wp-content\/uploads\/2020\/02\/DSC00756.jpg\" data-attachment-id=\"77\" class=\"fg-thumb\"><span class=\"fg-image-wrap\"><img width=\"150\" height=\"150\" data-src-fg=\"http:\/\/le-myconos.be\/wp-content\/uploads\/cache\/2020\/02\/DSC00756\/1777608103.jpg\" class=\"fg-image\" \/><\/span><\/a><figcaption class=\"fg-caption\"><div class=\"fg-caption-inner\"><\/div><\/figcaption><\/figure><div class=\"fg-loader\"><\/div><\/div><div class=\"fg-item\"><figure class=\"fg-item-inner\"><a href=\"http:\/\/le-myconos.be\/wp-content\/uploads\/2020\/02\/2.jpg\" data-attachment-id=\"71\" class=\"fg-thumb\"><span class=\"fg-image-wrap\"><img width=\"150\" height=\"150\" data-src-fg=\"http:\/\/le-myconos.be\/wp-content\/uploads\/cache\/2020\/02\/2\/-794669460.jpg\" class=\"fg-image\" \/><\/span><\/a><figcaption class=\"fg-caption\"><div class=\"fg-caption-inner\"><\/div><\/figcaption><\/figure><div class=\"fg-loader\"><\/div><\/div><div class=\"fg-item\"><figure class=\"fg-item-inner\"><a href=\"http:\/\/le-myconos.be\/wp-content\/uploads\/2020\/02\/DSC00757.jpg\" data-attachment-id=\"78\" class=\"fg-thumb\"><span class=\"fg-image-wrap\"><img width=\"150\" height=\"150\" data-src-fg=\"http:\/\/le-myconos.be\/wp-content\/uploads\/cache\/2020\/02\/DSC00757\/386157150.jpg\" class=\"fg-image\" \/><\/span><\/a><figcaption class=\"fg-caption\"><div class=\"fg-caption-inner\"><\/div><\/figcaption><\/figure><div class=\"fg-loader\"><\/div><\/div><div class=\"fg-item\"><figure class=\"fg-item-inner\"><a href=\"http:\/\/le-myconos.be\/wp-content\/uploads\/2020\/02\/TERASSE-BEJAMIN.jpg\" data-attachment-id=\"81\" class=\"fg-thumb\"><span class=\"fg-image-wrap\"><img width=\"150\" height=\"150\" data-src-fg=\"http:\/\/le-myconos.be\/wp-content\/uploads\/cache\/2020\/02\/TERASSE-BEJAMIN\/-1705202765.jpg\" class=\"fg-image\" \/><\/span><\/a><figcaption class=\"fg-caption\"><div class=\"fg-caption-inner\"><\/div><\/figcaption><\/figure><div class=\"fg-loader\"><\/div><\/div><div class=\"fg-item\"><figure class=\"fg-item-inner\"><a href=\"http:\/\/le-myconos.be\/wp-content\/uploads\/2020\/02\/salle12.jpg\" data-attachment-id=\"197\" class=\"fg-thumb\"><span class=\"fg-image-wrap\"><img width=\"150\" height=\"150\" data-src-fg=\"http:\/\/le-myconos.be\/wp-content\/uploads\/cache\/2020\/02\/salle12\/182518271.jpg\" class=\"fg-image\" \/><\/span><\/a><figcaption class=\"fg-caption\"><div class=\"fg-caption-inner\"><\/div><\/figcaption><\/figure><div class=\"fg-loader\"><\/div><\/div><div class=\"fg-item\"><figure class=\"fg-item-inner\"><a href=\"http:\/\/le-myconos.be\/wp-content\/uploads\/2020\/02\/salle22.jpg\" data-attachment-id=\"199\" class=\"fg-thumb\"><span class=\"fg-image-wrap\"><img width=\"150\" height=\"150\" data-src-fg=\"http:\/\/le-myconos.be\/wp-content\/uploads\/cache\/2020\/02\/salle22\/-482836469.jpg\" class=\"fg-image\" \/><\/span><\/a><figcaption class=\"fg-caption\"><div class=\"fg-caption-inner\"><\/div><\/figcaption><\/figure><div class=\"fg-loader\"><\/div><\/div><div class=\"fg-item\"><figure class=\"fg-item-inner\"><a href=\"http:\/\/le-myconos.be\/wp-content\/uploads\/2020\/02\/1.jpg\" data-attachment-id=\"68\" class=\"fg-thumb\"><span class=\"fg-image-wrap\"><img width=\"150\" height=\"150\" data-src-fg=\"http:\/\/le-myconos.be\/wp-content\/uploads\/cache\/2020\/02\/1\/241105019.jpg\" class=\"fg-image\" \/><\/span><\/a><figcaption class=\"fg-caption\"><div class=\"fg-caption-inner\"><\/div><\/figcaption><\/figure><div class=\"fg-loader\"><\/div><\/div><\/div>\r\n\n\n\n\n<h1>Nous suivre sur <a href=\"https:\/\/www.facebook.com\/pages\/Le-Myconos\/199770383385499\" target=\"_BLANK\" style=\"color:\n#265a94;\nfont-weight: bold;\ntext-decoration: none;\ntext-shadow: 1px 1px 1px\n#888;\" rel=\"noopener noreferrer\">facebook<\/a><\/h1>\n\n\n\n<p><\/p>\n","protected":false},"excerpt":{"rendered":"<p>Bienvenue sur le site du restaurant Le Myconos, Install\u00e9 dans le centre pi\u00e9tonnier du vieux Namur, l\u2019\u00e9quipe vous accueille dans un cadre familial et authentique pour vous proposer une cuisine grecque simple et fraiche. Coordonn\u00e9es Restaurant Le Myconos 8, rue de la Halle 5000 Namur T\u00e9l : 081 23 19 18 pour les r\u00e9servationsUNIQUEMENT durant &hellip; <\/p>\n<p class=\"link-more\"><a href=\"http:\/\/le-myconos.be\/\" class=\"more-link\">Continuer la lecture<span class=\"screen-reader-text\"> de &laquo;&nbsp;Accueil&nbsp;&raquo;<\/span><\/a><\/p>\n","protected":false},"author":1,"featured_media":0,"parent":0,"menu_order":0,"comment_status":"closed","ping_status":"closed","template":"","meta":[],"_links":{"self":[{"href":"http:\/\/le-myconos.be\/index.php\/wp-json\/wp\/v2\/pages\/20"}],"collection":[{"href":"http:\/\/le-myconos.be\/index.php\/wp-json\/wp\/v2\/pages"}],"about":[{"href":"http:\/\/le-myconos.be\/index.php\/wp-json\/wp\/v2\/types\/page"}],"author":[{"embeddable":true,"href":"http:\/\/le-myconos.be\/index.php\/wp-json\/wp\/v2\/users\/1"}],"replies":[{"embeddable":true,"href":"http:\/\/le-myconos.be\/index.php\/wp-json\/wp\/v2\/comments?post=20"}],"version-history":[{"count":46,"href":"http:\/\/le-myconos.be\/index.php\/wp-json\/wp\/v2\/pages\/20\/revisions"}],"predecessor-version":[{"id":248,"href":"http:\/\/le-myconos.be\/index.php\/wp-json\/wp\/v2\/pages\/20\/revisions\/248"}],"wp:attachment":[{"href":"http:\/\/le-myconos.be\/index.php\/wp-json\/wp\/v2\/media?parent=20"}],"curies":[{"name":"wp","href":"https:\/\/api.w.org\/{rel}","templated":true}]}}